{"id":247,"date":"2022-06-01T11:45:51","date_gmt":"2022-06-01T11:45:51","guid":{"rendered":"https:\/\/mmkutleie.no\/?page_id=247"},"modified":"2022-06-01T12:45:26","modified_gmt":"2022-06-01T12:45:26","slug":"om-oss","status":"publish","type":"page","link":"https:\/\/mmkutleie.no\/index.php\/om-oss\/","title":{"rendered":"Om oss"},"content":{"rendered":"<div data-colibri-id=\"247-c1\" class=\"style-337 style-local-247-c1 position-relative\">\n  <!---->\n  <div data-colibri-component=\"section\" data-colibri-id=\"247-c14\" id=\"about\" class=\"h-section h-section-global-spacing d-flex align-items-lg-center align-items-md-center align-items-end style-350 style-local-247-c14 h-overflow-hidden position-relative\">\n    <div class=\"background-wrapper\">\n      <div class=\"background-layer background-layer-media-container-lg\">\n        <!---->\n        <div class=\"overlay-layer\">\n          <div class=\"overlay-image-layer\" style=\"background-image: linear-gradient(90deg, rgba(255, 255, 255, 0.5) 0%, rgb(255, 0, 0) 44%);\"><\/div>\n        <\/div>\n      <\/div>\n      <div class=\"background-layer background-layer-media-container-md\">\n        <!---->\n        <div class=\"overlay-layer\">\n          <div class=\"overlay-image-layer\" style=\"background-image: linear-gradient(90deg, rgba(255, 255, 255, 0.5) 0%, rgb(255, 0, 0) 44%);\"><\/div>\n        <\/div>\n      <\/div>\n      <div class=\"background-layer background-layer-media-container\">\n        <!---->\n        <div class=\"overlay-layer\">\n          <div class=\"overlay-image-layer\" style=\"background-image: linear-gradient(90deg, rgba(255, 255, 255, 0.5) 0%, rgb(255, 0, 0) 44%);\"><\/div>\n        <\/div>\n      <\/div>\n    <\/div>\n    <!---->\n    <div class=\"h-section-grid-container h-section-boxed-container\">\n      <!---->\n      <div data-colibri-id=\"247-c15\" class=\"h-row-container gutters-row-lg-0 gutters-row-md-0 gutters-row-2 gutters-row-v-lg-0 gutters-row-v-md-0 gutters-row-v-0 style-351 style-local-247-c15 position-relative\">\n        <!---->\n        <div class=\"h-row justify-content-lg-end justify-content-md-end justify-content-center align-items-lg-stretch align-items-md-stretch align-items-stretch gutters-col-lg-0 gutters-col-md-0 gutters-col-2 gutters-col-v-lg-0 gutters-col-v-md-0 gutters-col-v-0\">\n          <!---->\n          <div class=\"h-column h-column-container d-flex h-col-lg-auto h-col-md-auto h-col-auto style-352-outer style-local-247-c16-outer\">\n            <div data-colibri-id=\"247-c16\" class=\"d-flex h-flex-basis h-column__inner h-px-lg-2 h-px-md-2 h-px-0 v-inner-lg-2 v-inner-md-2 v-inner-0 style-352 style-local-247-c16 position-relative\">\n              <!---->\n              <!---->\n              <div class=\"w-100 h-y-container h-column__content h-column__v-align flex-basis-100 align-self-lg-end align-self-md-end align-self-end\">\n                <!---->\n                <div data-colibri-id=\"247-c17\" class=\"h-global-transition-all h-heading style-353 style-local-247-c17 position-relative h-element\">\n                  <!---->\n                  <div class=\"h-heading__outer style-353 style-local-247-c17\">\n                    <!---->\n                    <!---->\n                    <h3 class=\"\">Vi er et <strong style=\"color: rgb(248, 11, 0);\">utleiefirma<\/strong> stiftet i 2018 og sikter til det <strong style=\"color: rgb(255, 39, 1);\">lokale markedet<\/strong> i Drammen og omr\u00e5de.<\/h3>\n                  <\/div>\n                <\/div>\n                <div data-colibri-id=\"247-c18\" class=\"h-text h-text-component style-354 style-local-247-c18 position-relative h-element\">\n                  <!---->\n                  <!---->\n                  <div class=\"\">\n                    <p><strong style=\"font-size: 11pt; font-family: Arial; color: rgb(0, 0, 0); font-weight: 400;\">Hvorfor leie? Ved \u00e5 leie istedenfor \u00e5 eie slipper du \u00e5 lagre, transportere og pleie utstyret. Det er akkurat derfor vi finnes. Vi har mye utstyr og mange maskiner til leie og kan skaffe deg hva du skulle trenge. Vi har erfaring med transport og bruk innen alt av maskiner og gir deg akkurat det du trenger. I tillegg st\u00e5r vi i tett kontakt med entrepren\u00f8r og arkitekt.<\/strong><\/p>\n                  <\/div>\n                <\/div>\n              <\/div>\n            <\/div>\n          <\/div>\n        <\/div>\n      <\/div>\n    <\/div>\n  <\/div>\n<\/div>","protected":false},"excerpt":{"rendered":"<p>Vi er et utleiefirma stiftet i 2018 og sikter til det lokale markedet i Drammen og omr\u00e5de. Hvorfor leie? Ved \u00e5 leie istedenfor \u00e5 eie slipper du \u00e5 lagre, transportere og pleie utstyret. Det er akkurat derfor vi finnes. Vi har mye utstyr og mange maskiner til leie og kan skaffe deg hva du skulle [&hellip;]<\/p>\n","protected":false},"author":2,"featured_media":0,"parent":0,"menu_order":0,"comment_status":"closed","ping_status":"closed","template":"page-templates\/full-width-page.php","meta":{"footnotes":""},"class_list":["post-247","page","type-page","status-publish","hentry"],"_links":{"self":[{"href":"https:\/\/mmkutleie.no\/index.php\/wp-json\/wp\/v2\/pages\/247","targetHints":{"allow":["GET"]}}],"collection":[{"href":"https:\/\/mmkutleie.no\/index.php\/wp-json\/wp\/v2\/pages"}],"about":[{"href":"https:\/\/mmkutleie.no\/index.php\/wp-json\/wp\/v2\/types\/page"}],"author":[{"embeddable":true,"href":"https:\/\/mmkutleie.no\/index.php\/wp-json\/wp\/v2\/users\/2"}],"replies":[{"embeddable":true,"href":"https:\/\/mmkutleie.no\/index.php\/wp-json\/wp\/v2\/comments?post=247"}],"version-history":[{"count":2,"href":"https:\/\/mmkutleie.no\/index.php\/wp-json\/wp\/v2\/pages\/247\/revisions"}],"predecessor-version":[{"id":254,"href":"https:\/\/mmkutleie.no\/index.php\/wp-json\/wp\/v2\/pages\/247\/revisions\/254"}],"wp:attachment":[{"href":"https:\/\/mmkutleie.no\/index.php\/wp-json\/wp\/v2\/media?parent=247"}],"curies":[{"name":"wp","href":"https:\/\/api.w.org\/{rel}","templated":true}]}}